{"id":94,"date":"2026-03-19T14:44:29","date_gmt":"2026-03-19T14:44:29","guid":{"rendered":"https:\/\/mentoria.soulpower.pt\/?page_id=94"},"modified":"2026-03-23T18:44:31","modified_gmt":"2026-03-23T18:44:31","slug":"power-steps-super-palestra","status":"publish","type":"page","link":"https:\/\/mentoria.soulpower.pt\/","title":{"rendered":"Super Palestra Power Steps"},"content":{"rendered":"\t\t<div data-elementor-type=\"wp-page\" data-elementor-id=\"94\" class=\"elementor elementor-94\" data-elementor-post-type=\"page\">\n\t\t\t\t<div class=\"elementor-element elementor-element-18b3a50d e-flex e-con-boxed e-con e-parent\" data-id=\"18b3a50d\" data-element_type=\"container\" data-e-type=\"container\" data-settings=\"{&quot;background_background&quot;:&quot;gradient&quot;}\">\n\t\t\t\t\t<div class=\"e-con-inner\">\n\t\t\t\t<div class=\"elementor-element elementor-element-616b72d4 elementor-widget elementor-widget-image\" data-id=\"616b72d4\" data-element_type=\"widget\" data-e-type=\"widget\" data-widget_type=\"image.default\">\n\t\t\t\t\t\t\t\t\t\t\t\t\t\t\t<img fetchpriority=\"high\" decoding=\"async\" width=\"1536\" height=\"1536\" src=\"https:\/\/mentoria.soulpower.pt\/wp-content\/uploads\/2026\/03\/logo-png-1536x1536.png\" class=\"attachment-1536x1536 size-1536x1536 wp-image-185\" alt=\"\" srcset=\"https:\/\/mentoria.soulpower.pt\/wp-content\/uploads\/2026\/03\/logo-png-1536x1536.png 1536w, https:\/\/mentoria.soulpower.pt\/wp-content\/uploads\/2026\/03\/logo-png-300x300.png 300w, https:\/\/mentoria.soulpower.pt\/wp-content\/uploads\/2026\/03\/logo-png-1024x1024.png 1024w, https:\/\/mentoria.soulpower.pt\/wp-content\/uploads\/2026\/03\/logo-png-150x150.png 150w, https:\/\/mentoria.soulpower.pt\/wp-content\/uploads\/2026\/03\/logo-png-768x768.png 768w, https:\/\/mentoria.soulpower.pt\/wp-content\/uploads\/2026\/03\/logo-png.png 2000w\" sizes=\"(max-width: 1536px) 100vw, 1536px\" \/>\t\t\t\t\t\t\t\t\t\t\t\t\t\t\t<\/div>\n\t\t\t\t<div class=\"elementor-element elementor-element-30fe62e8 elementor-widget elementor-widget-heading\" data-id=\"30fe62e8\" data-element_type=\"widget\" data-e-type=\"widget\" data-widget_type=\"heading.default\">\n\t\t\t\t\t<h2 class=\"elementor-heading-title elementor-size-default\">Como parar a busca externa e assumir o poder interno, passando da teoria \u00e0 pr\u00e1tica<\/h2>\t\t\t\t<\/div>\n\t\t\t\t<div class=\"elementor-element elementor-element-3fc35085 elementor-icon-list--layout-inline elementor-mobile-align-center elementor-align-center elementor-list-item-link-full_width elementor-widget elementor-widget-icon-list\" data-id=\"3fc35085\" data-element_type=\"widget\" data-e-type=\"widget\" data-widget_type=\"icon-list.default\">\n\t\t\t\t\t\t\t<ul class=\"elementor-icon-list-items elementor-inline-items\">\n\t\t\t\t\t\t\t<li class=\"elementor-icon-list-item elementor-inline-item\">\n\t\t\t\t\t\t\t\t\t\t\t<span class=\"elementor-icon-list-icon\">\n\t\t\t\t\t\t\t<svg aria-hidden=\"true\" class=\"e-font-icon-svg e-fas-video\" viewBox=\"0 0 576 512\" xmlns=\"http:\/\/www.w3.org\/2000\/svg\"><path d=\"M336.2 64H47.8C21.4 64 0 85.4 0 111.8v288.4C0 426.6 21.4 448 47.8 448h288.4c26.4 0 47.8-21.4 47.8-47.8V111.8c0-26.4-21.4-47.8-47.8-47.8zm189.4 37.7L416 177.3v157.4l109.6 75.5c21.2 14.6 50.4-.3 50.4-25.8V127.5c0-25.4-29.1-40.4-50.4-25.8z\"><\/path><\/svg>\t\t\t\t\t\t<\/span>\n\t\t\t\t\t\t\t\t\t\t<span class=\"elementor-icon-list-text\">ao vivo no meet<\/span>\n\t\t\t\t\t\t\t\t\t<\/li>\n\t\t\t\t\t\t\t\t<li class=\"elementor-icon-list-item elementor-inline-item\">\n\t\t\t\t\t\t\t\t\t\t\t<span class=\"elementor-icon-list-icon\">\n\t\t\t\t\t\t\t<svg aria-hidden=\"true\" class=\"e-font-icon-svg e-far-calendar-alt\" viewBox=\"0 0 448 512\" xmlns=\"http:\/\/www.w3.org\/2000\/svg\"><path d=\"M148 288h-40c-6.6 0-12-5.4-12-12v-40c0-6.6 5.4-12 12-12h40c6.6 0 12 5.4 12 12v40c0 6.6-5.4 12-12 12zm108-12v-40c0-6.6-5.4-12-12-12h-40c-6.6 0-12 5.4-12 12v40c0 6.6 5.4 12 12 12h40c6.6 0 12-5.4 12-12zm96 0v-40c0-6.6-5.4-12-12-12h-40c-6.6 0-12 5.4-12 12v40c0 6.6 5.4 12 12 12h40c6.6 0 12-5.4 12-12zm-96 96v-40c0-6.6-5.4-12-12-12h-40c-6.6 0-12 5.4-12 12v40c0 6.6 5.4 12 12 12h40c6.6 0 12-5.4 12-12zm-96 0v-40c0-6.6-5.4-12-12-12h-40c-6.6 0-12 5.4-12 12v40c0 6.6 5.4 12 12 12h40c6.6 0 12-5.4 12-12zm192 0v-40c0-6.6-5.4-12-12-12h-40c-6.6 0-12 5.4-12 12v40c0 6.6 5.4 12 12 12h40c6.6 0 12-5.4 12-12zm96-260v352c0 26.5-21.5 48-48 48H48c-26.5 0-48-21.5-48-48V112c0-26.5 21.5-48 48-48h48V12c0-6.6 5.4-12 12-12h40c6.6 0 12 5.4 12 12v52h128V12c0-6.6 5.4-12 12-12h40c6.6 0 12 5.4 12 12v52h48c26.5 0 48 21.5 48 48zm-48 346V160H48v298c0 3.3 2.7 6 6 6h340c3.3 0 6-2.7 6-6z\"><\/path><\/svg>\t\t\t\t\t\t<\/span>\n\t\t\t\t\t\t\t\t\t\t<span class=\"elementor-icon-list-text\">21 Abril<\/span>\n\t\t\t\t\t\t\t\t\t<\/li>\n\t\t\t\t\t\t\t\t<li class=\"elementor-icon-list-item elementor-inline-item\">\n\t\t\t\t\t\t\t\t\t\t\t<span class=\"elementor-icon-list-icon\">\n\t\t\t\t\t\t\t<svg aria-hidden=\"true\" class=\"e-font-icon-svg e-far-clock\" viewBox=\"0 0 512 512\" xmlns=\"http:\/\/www.w3.org\/2000\/svg\"><path d=\"M256 8C119 8 8 119 8 256s111 248 248 248 248-111 248-248S393 8 256 8zm0 448c-110.5 0-200-89.5-200-200S145.5 56 256 56s200 89.5 200 200-89.5 200-200 200zm61.8-104.4l-84.9-61.7c-3.1-2.3-4.9-5.9-4.9-9.7V116c0-6.6 5.4-12 12-12h32c6.6 0 12 5.4 12 12v141.7l66.8 48.6c5.4 3.9 6.5 11.4 2.6 16.8L334.6 349c-3.9 5.3-11.4 6.5-16.8 2.6z\"><\/path><\/svg>\t\t\t\t\t\t<\/span>\n\t\t\t\t\t\t\t\t\t\t<span class=\"elementor-icon-list-text\">19h<\/span>\n\t\t\t\t\t\t\t\t\t<\/li>\n\t\t\t\t\t\t<\/ul>\n\t\t\t\t\t\t<\/div>\n\t\t\t\t<div class=\"elementor-element elementor-element-628e0913 elementor-widget elementor-widget-text-editor\" data-id=\"628e0913\" data-element_type=\"widget\" data-e-type=\"widget\" data-widget_type=\"text-editor.default\">\n\t\t\t\t\t\t\t\t\t<p><span style=\"color: #ede0c2;\">Exclusivo para mulheres que j\u00e1 percorreram um caminho de autoconhecimento e est\u00e3o prontas para colocar toda essa aprendizagem em a\u00e7\u00e3o, ao servi\u00e7o da vida que desejam manifestar<\/span><\/p>\t\t\t\t\t\t\t\t<\/div>\n\t\t\t\t<div class=\"elementor-element elementor-element-3bdc751d elementor-widget elementor-widget-text-editor\" data-id=\"3bdc751d\" data-element_type=\"widget\" data-e-type=\"widget\" data-widget_type=\"text-editor.default\">\n\t\t\t\t\t\t\t\t\t<p><b>S\u00e3o 30 vagas atribu\u00eddas ap\u00f3s sele\u00e7\u00e3o<\/b><\/p>\t\t\t\t\t\t\t\t<\/div>\n\t\t\t\t<div class=\"elementor-element elementor-element-654bd51 elementor-button-align-stretch elementor-widget elementor-widget-form\" data-id=\"654bd51\" data-element_type=\"widget\" data-e-type=\"widget\" data-settings=\"{&quot;step_next_label&quot;:&quot;Pr\\u00f3ximo&quot;,&quot;step_previous_label&quot;:&quot;Anterior&quot;,&quot;button_width&quot;:&quot;100&quot;,&quot;step_type&quot;:&quot;number_text&quot;,&quot;step_icon_shape&quot;:&quot;circle&quot;}\" data-widget_type=\"form.default\">\n\t\t\t\t\t\t\t<form class=\"elementor-form\" method=\"post\" id=\"pre_inscricao_webinario\" name=\"pre_inscricao\" aria-label=\"pre_inscricao\" novalidate=\"\">\n\t\t\t<input type=\"hidden\" name=\"post_id\" value=\"94\"\/>\n\t\t\t<input type=\"hidden\" name=\"form_id\" value=\"654bd51\"\/>\n\t\t\t<input type=\"hidden\" name=\"referer_title\" value=\"\" \/>\n\n\t\t\t\n\t\t\t<div class=\"elementor-form-fields-wrapper elementor-labels-\">\n\t\t\t\t\t\t\t\t<div class=\"elementor-field-type-text elementor-field-group elementor-column elementor-field-group-name elementor-col-100 elementor-field-required\">\n\t\t\t\t\t\t\t\t\t\t\t\t<label for=\"form-field-name\" class=\"elementor-field-label elementor-screen-only\">\n\t\t\t\t\t\t\t\tNome\t\t\t\t\t\t\t<\/label>\n\t\t\t\t\t\t\t\t\t\t\t\t\t\t<input size=\"1\" type=\"text\" name=\"form_fields[name]\" id=\"form-field-name\" class=\"elementor-field elementor-size-sm  elementor-field-textual\" placeholder=\"Nome\" required=\"required\">\n\t\t\t\t\t\t\t\t\t\t\t<\/div>\n\t\t\t\t\t\t\t\t<div class=\"elementor-field-type-tel elementor-field-group elementor-column elementor-field-group-whatsapp elementor-col-100 elementor-field-required\">\n\t\t\t\t\t\t\t\t\t\t\t\t<label for=\"form-field-whatsapp\" class=\"elementor-field-label elementor-screen-only\">\n\t\t\t\t\t\t\t\tWhatsapp\t\t\t\t\t\t\t<\/label>\n\t\t\t\t\t\t\t\t<input size=\"1\" type=\"tel\" name=\"form_fields[whatsapp]\" id=\"form-field-whatsapp\" class=\"elementor-field elementor-size-sm  elementor-field-textual\" placeholder=\"Whatsapp com DDD\" required=\"required\" pattern=\"[0-9()#&amp;+*-=.]+\" title=\"Only numbers and phone characters (#, -, *, etc) are accepted.\">\n\n\t\t\t\t\t\t<\/div>\n\t\t\t\t\t\t\t\t<div class=\"elementor-field-group elementor-column elementor-field-type-submit elementor-col-100 e-form__buttons\">\n\t\t\t\t\t<button class=\"elementor-button elementor-size-sm\" type=\"submit\">\n\t\t\t\t\t\t<span class=\"elementor-button-content-wrapper\">\n\t\t\t\t\t\t\t\t\t\t\t\t\t\t\t\t\t\t\t\t\t\t<span class=\"elementor-button-text\">FAZER INSCRI\u00c7\u00c3O GRATUITAMENTE<\/span>\n\t\t\t\t\t\t\t\t\t\t\t\t\t<\/span>\n\t\t\t\t\t<\/button>\n\t\t\t\t<\/div>\n\t\t\t<\/div>\n\t\t<\/form>\n\t\t\t\t\t\t<\/div>\n\t\t\t\t\t<\/div>\n\t\t\t\t<\/div>\n\t\t<div class=\"elementor-element elementor-element-c5dbea5 elementor-hidden-desktop elementor-hidden-tablet elementor-hidden-mobile e-flex e-con-boxed e-con e-parent\" data-id=\"c5dbea5\" data-element_type=\"container\" data-e-type=\"container\" data-settings=\"{&quot;background_background&quot;:&quot;classic&quot;}\">\n\t\t\t\t\t<div class=\"e-con-inner\">\n\t\t\t\t<div class=\"elementor-element elementor-element-2db7779b elementor-widget elementor-widget-heading\" data-id=\"2db7779b\" data-element_type=\"widget\" data-e-type=\"widget\" data-widget_type=\"heading.default\">\n\t\t\t\t\t<h2 class=\"elementor-heading-title elementor-size-default\">Veja o que os alunos est\u00e3o dizendo:<\/h2>\t\t\t\t<\/div>\n\t\t<div class=\"elementor-element elementor-element-59f67e0c e-con-full e-flex e-con e-child\" data-id=\"59f67e0c\" data-element_type=\"container\" data-e-type=\"container\">\n\t\t\t\t<div class=\"elementor-element elementor-element-1d66b937 elementor-widget elementor-widget-video\" data-id=\"1d66b937\" data-element_type=\"widget\" data-e-type=\"widget\" data-settings=\"{&quot;youtube_url&quot;:&quot;https:\\\/\\\/www.youtube.com\\\/watch?v=XHOmBV4js_E&quot;,&quot;video_type&quot;:&quot;youtube&quot;,&quot;controls&quot;:&quot;yes&quot;}\" data-widget_type=\"video.default\">\n\t\t\t\t\t\t\t<div class=\"elementor-wrapper elementor-open-inline\">\n\t\t\t<div class=\"elementor-video\"><\/div>\t\t<\/div>\n\t\t\t\t\t\t<\/div>\n\t\t\t\t<div class=\"elementor-element elementor-element-8d5ce8c elementor-widget elementor-widget-video\" data-id=\"8d5ce8c\" data-element_type=\"widget\" data-e-type=\"widget\" data-settings=\"{&quot;youtube_url&quot;:&quot;https:\\\/\\\/www.youtube.com\\\/watch?v=XHOmBV4js_E&quot;,&quot;video_type&quot;:&quot;youtube&quot;,&quot;controls&quot;:&quot;yes&quot;}\" data-widget_type=\"video.default\">\n\t\t\t\t\t\t\t<div class=\"elementor-wrapper elementor-open-inline\">\n\t\t\t<div class=\"elementor-video\"><\/div>\t\t<\/div>\n\t\t\t\t\t\t<\/div>\n\t\t\t\t<div class=\"elementor-element elementor-element-7f240db4 elementor-widget elementor-widget-video\" data-id=\"7f240db4\" data-element_type=\"widget\" data-e-type=\"widget\" data-settings=\"{&quot;youtube_url&quot;:&quot;https:\\\/\\\/www.youtube.com\\\/watch?v=XHOmBV4js_E&quot;,&quot;video_type&quot;:&quot;youtube&quot;,&quot;controls&quot;:&quot;yes&quot;}\" data-widget_type=\"video.default\">\n\t\t\t\t\t\t\t<div class=\"elementor-wrapper elementor-open-inline\">\n\t\t\t<div class=\"elementor-video\"><\/div>\t\t<\/div>\n\t\t\t\t\t\t<\/div>\n\t\t\t\t<\/div>\n\t\t<div class=\"elementor-element elementor-element-6eed8ebf e-con-full e-flex e-con e-child\" data-id=\"6eed8ebf\" data-element_type=\"container\" data-e-type=\"container\">\n\t\t\t\t<div class=\"elementor-element elementor-element-10008999 elementor-widget elementor-widget-video\" data-id=\"10008999\" data-element_type=\"widget\" data-e-type=\"widget\" data-settings=\"{&quot;youtube_url&quot;:&quot;https:\\\/\\\/www.youtube.com\\\/watch?v=XHOmBV4js_E&quot;,&quot;video_type&quot;:&quot;youtube&quot;,&quot;controls&quot;:&quot;yes&quot;}\" data-widget_type=\"video.default\">\n\t\t\t\t\t\t\t<div class=\"elementor-wrapper elementor-open-inline\">\n\t\t\t<div class=\"elementor-video\"><\/div>\t\t<\/div>\n\t\t\t\t\t\t<\/div>\n\t\t\t\t<div class=\"elementor-element elementor-element-79a231e4 elementor-widget elementor-widget-video\" data-id=\"79a231e4\" data-element_type=\"widget\" data-e-type=\"widget\" data-settings=\"{&quot;youtube_url&quot;:&quot;https:\\\/\\\/www.youtube.com\\\/watch?v=XHOmBV4js_E&quot;,&quot;video_type&quot;:&quot;youtube&quot;,&quot;controls&quot;:&quot;yes&quot;}\" data-widget_type=\"video.default\">\n\t\t\t\t\t\t\t<div class=\"elementor-wrapper elementor-open-inline\">\n\t\t\t<div class=\"elementor-video\"><\/div>\t\t<\/div>\n\t\t\t\t\t\t<\/div>\n\t\t\t\t<div class=\"elementor-element elementor-element-696cf25d elementor-widget elementor-widget-video\" data-id=\"696cf25d\" data-element_type=\"widget\" data-e-type=\"widget\" data-settings=\"{&quot;youtube_url&quot;:&quot;https:\\\/\\\/www.youtube.com\\\/watch?v=XHOmBV4js_E&quot;,&quot;video_type&quot;:&quot;youtube&quot;,&quot;controls&quot;:&quot;yes&quot;}\" data-widget_type=\"video.default\">\n\t\t\t\t\t\t\t<div class=\"elementor-wrapper elementor-open-inline\">\n\t\t\t<div class=\"elementor-video\"><\/div>\t\t<\/div>\n\t\t\t\t\t\t<\/div>\n\t\t\t\t<\/div>\n\t\t\t\t\t<\/div>\n\t\t\t\t<\/div>\n\t\t<div class=\"elementor-element elementor-element-55f00f65 e-flex e-con-boxed e-con e-parent\" data-id=\"55f00f65\" data-element_type=\"container\" data-e-type=\"container\" data-settings=\"{&quot;background_background&quot;:&quot;classic&quot;}\">\n\t\t\t\t\t<div class=\"e-con-inner\">\n\t\t<div class=\"elementor-element elementor-element-3d5368a2 e-con-full e-flex e-con e-child\" data-id=\"3d5368a2\" data-element_type=\"container\" data-e-type=\"container\">\n\t\t\t\t<div class=\"elementor-element elementor-element-56cf00ea elementor-widget elementor-widget-image\" data-id=\"56cf00ea\" data-element_type=\"widget\" data-e-type=\"widget\" data-widget_type=\"image.default\">\n\t\t\t\t\t\t\t\t\t\t\t\t\t\t\t<img decoding=\"async\" width=\"683\" height=\"1024\" src=\"https:\/\/mentoria.soulpower.pt\/wp-content\/uploads\/2026\/03\/AndreiaMadeira28-683x1024.jpg\" class=\"attachment-large size-large wp-image-33\" alt=\"\" srcset=\"https:\/\/mentoria.soulpower.pt\/wp-content\/uploads\/2026\/03\/AndreiaMadeira28-683x1024.jpg 683w, https:\/\/mentoria.soulpower.pt\/wp-content\/uploads\/2026\/03\/AndreiaMadeira28-200x300.jpg 200w, https:\/\/mentoria.soulpower.pt\/wp-content\/uploads\/2026\/03\/AndreiaMadeira28-768x1152.jpg 768w, https:\/\/mentoria.soulpower.pt\/wp-content\/uploads\/2026\/03\/AndreiaMadeira28-1024x1536.jpg 1024w, https:\/\/mentoria.soulpower.pt\/wp-content\/uploads\/2026\/03\/AndreiaMadeira28-1365x2048.jpg 1365w, https:\/\/mentoria.soulpower.pt\/wp-content\/uploads\/2026\/03\/AndreiaMadeira28-scaled.jpg 1707w\" sizes=\"(max-width: 683px) 100vw, 683px\" \/>\t\t\t\t\t\t\t\t\t\t\t\t\t\t\t<\/div>\n\t\t\t\t<\/div>\n\t\t<div class=\"elementor-element elementor-element-6900f7bb e-con-full e-flex e-con e-child\" data-id=\"6900f7bb\" data-element_type=\"container\" data-e-type=\"container\">\n\t\t\t\t<div class=\"elementor-element elementor-element-496185b1 elementor-widget elementor-widget-heading\" data-id=\"496185b1\" data-element_type=\"widget\" data-e-type=\"widget\" data-widget_type=\"heading.default\">\n\t\t\t\t\t<h2 class=\"elementor-heading-title elementor-size-default\">Muito prazer, Andreia Madeira!<\/h2>\t\t\t\t<\/div>\n\t\t\t\t<div class=\"elementor-element elementor-element-682b2772 elementor-widget elementor-widget-text-editor\" data-id=\"682b2772\" data-element_type=\"widget\" data-e-type=\"widget\" data-widget_type=\"text-editor.default\">\n\t\t\t\t\t\t\t\t\t<p><span style=\"font-weight: 400;\">Andreia Madeira \u00e9 Terapeuta Sist\u00e9mica Arquet\u00edpica e h\u00e1 quase uma d\u00e9cada que acompanha mulheres em processos profundos de reconex\u00e3o, clareza e transforma\u00e7\u00e3o interior.<\/span><\/p><p><span style=\"font-weight: 400;\">Com um percurso marcado pela comunica\u00e7\u00e3o, pela sensibilidade humana, pela participa\u00e7\u00e3o activa na sociedade e por uma busca constante de sentido e verdade, <strong>integrou ao longo dos anos diferentes abordagens terap\u00eauticas e de consci\u00eancia<\/strong> \u2014 sempre com um prop\u00f3sito claro: ajudar mulheres a passarem da compreens\u00e3o interna para a a\u00e7\u00e3o concreta na vida real.<\/span><\/p><p><span style=\"font-weight: 400;\">Depois de viver ela pr\u00f3pria momentos de grande reestrutura\u00e7\u00e3o pessoal e profissional, reconheceu uma urg\u00eancia silenciosa que muitas mulheres sentem a determinada altura da vida: a <strong>sensa\u00e7\u00e3o de que j\u00e1 n\u00e3o \u00e9 tempo de adiar quem se \u00e9<\/strong>.<\/span><span style=\"font-weight: 400;\"><br \/><\/span><\/p><p><span style=\"font-weight: 400;\">Foi dessa consci\u00eancia que nasceu a mentoria <\/span><b>Power Steps<\/b><span style=\"font-weight: 400;\">, um caminho criado para apoiar mulheres que, mesmo com medo ou confus\u00e3o, sabem que <strong>est\u00e3o prontas para assumir os seus dons, a sua lideran\u00e7a e a vida que desejam manifestar.<\/strong><\/span><\/p><p><span style=\"font-weight: 400;\">Na sua <strong>Super Palestra<\/strong>, Andreia traz uma vis\u00e3o profunda, pr\u00e1tica e transformadora sobre como transformar <strong>consci\u00eancia em dire\u00e7\u00e3o, presen\u00e7a e concretiza\u00e7\u00e3o<\/strong> \u2014 tocando especialmente mulheres que sentem que <\/span><i><span style=\"font-weight: 400;\">\u201cse n\u00e3o for agora\u2026 ent\u00e3o quando?\u201d<\/span><\/i><\/p><p><span style=\"font-weight: 400;\">Ouvir a Andreia \u00e9, para muitas, o primeiro passo para deixar de apenas saber\u2026 e come\u00e7ar finalmente a viver.<\/span><\/p>\t\t\t\t\t\t\t\t<\/div>\n\t\t\t\t<\/div>\n\t\t\t\t\t<\/div>\n\t\t\t\t<\/div>\n\t\t\t\t<\/div>\n\t\t","protected":false},"excerpt":{"rendered":"<p>Como parar a busca externa e assumir o poder interno, passando da teoria \u00e0 pr\u00e1tica ao vivo no meet 21 Abril 19h Exclusivo para mulheres que j\u00e1 percorreram um caminho de autoconhecimento e est\u00e3o prontas para colocar toda essa aprendizagem em a\u00e7\u00e3o, ao servi\u00e7o da vida que desejam manifestar S\u00e3o 30 vagas atribu\u00eddas ap\u00f3s sele\u00e7\u00e3o [&hellip;]<\/p>\n","protected":false},"author":1,"featured_media":0,"parent":0,"menu_order":0,"comment_status":"closed","ping_status":"closed","template":"elementor_canvas","meta":{"footnotes":""},"class_list":["post-94","page","type-page","status-publish","hentry"],"_links":{"self":[{"href":"https:\/\/mentoria.soulpower.pt\/index.php\/wp-json\/wp\/v2\/pages\/94","targetHints":{"allow":["GET"]}}],"collection":[{"href":"https:\/\/mentoria.soulpower.pt\/index.php\/wp-json\/wp\/v2\/pages"}],"about":[{"href":"https:\/\/mentoria.soulpower.pt\/index.php\/wp-json\/wp\/v2\/types\/page"}],"author":[{"embeddable":true,"href":"https:\/\/mentoria.soulpower.pt\/index.php\/wp-json\/wp\/v2\/users\/1"}],"replies":[{"embeddable":true,"href":"https:\/\/mentoria.soulpower.pt\/index.php\/wp-json\/wp\/v2\/comments?post=94"}],"version-history":[{"count":78,"href":"https:\/\/mentoria.soulpower.pt\/index.php\/wp-json\/wp\/v2\/pages\/94\/revisions"}],"predecessor-version":[{"id":210,"href":"https:\/\/mentoria.soulpower.pt\/index.php\/wp-json\/wp\/v2\/pages\/94\/revisions\/210"}],"wp:attachment":[{"href":"https:\/\/mentoria.soulpower.pt\/index.php\/wp-json\/wp\/v2\/media?parent=94"}],"curies":[{"name":"wp","href":"https:\/\/api.w.org\/{rel}","templated":true}]}}